{"id":4890,"date":"2020-06-29T17:06:37","date_gmt":"2020-06-29T15:06:37","guid":{"rendered":"https:\/\/ayurveda-symposium.pandowebsites.de\/?page_id=4890"},"modified":"2024-05-27T11:07:56","modified_gmt":"2024-05-27T09:07:56","slug":"teilnahmebedingungen","status":"publish","type":"page","link":"https:\/\/ayurveda-symposium.org\/en\/teilnahmebedingungen\/","title":{"rendered":"Conditions of participation"},"content":{"rendered":"<div data-elementor-type=\"wp-page\" data-elementor-id=\"4890\" class=\"elementor elementor-4890\" data-elementor-settings=\"[]\">\n\t\t\t\t\t\t<div class=\"elementor-inner\">\n\t\t\t\t\t\t\t<div class=\"elementor-section-wrap\">\n\t\t\t\t\t\t\t<section class=\"elementor-section elementor-top-section elementor-element elementor-element-11defd1 elementor-section-height-min-height elementor-section-boxed elementor-section-height-default elementor-section-items-middle\" data-id=\"11defd1\" data-element_type=\"section\" data-settings=\"{&quot;background_background&quot;:&quot;classic&quot;,&quot;shape_divider_bottom&quot;:&quot;waves&quot;}\">\n\t\t\t\t\t\t\t<div class=\"elementor-background-overlay\"><\/div>\n\t\t\t\t\t\t<div class=\"elementor-shape elementor-shape-bottom\" data-negative=\"false\">\n\t\t\t<svg xmlns=\"http:\/\/www.w3.org\/2000\/svg\" viewbox=\"0 0 1000 100\" preserveaspectratio=\"none\">\n\t<path class=\"elementor-shape-fill\" d=\"M421.9,6.5c22.6-2.5,51.5,0.4,75.5,5.3c23.6,4.9,70.9,23.5,100.5,35.7c75.8,32.2,133.7,44.5,192.6,49.7\tc23.6,2.1,48.7,3.5,103.4-2.5c54.7-6,106.2-25.6,106.2-25.6V0H0v30.3c0,0,72,32.6,158.4,30.5c39.2-0.7,92.8-6.7,134-22.4\tc21.2-8.1,52.2-18.2,79.7-24.2C399.3,7.9,411.6,7.5,421.9,6.5z\"\/>\n<\/svg>\t\t<\/div>\n\t\t\t\t\t<div class=\"elementor-container elementor-column-gap-default\">\n\t\t\t\t\t\t\t<div class=\"elementor-row\">\n\t\t\t\t\t<div class=\"elementor-column elementor-col-100 elementor-top-column elementor-element elementor-element-6ee917b\" data-id=\"6ee917b\" data-element_type=\"column\">\n\t\t\t<div class=\"elementor-column-wrap\">\n\t\t\t\t\t\t\t<div class=\"elementor-widget-wrap\">\n\t\t\t\t\t\t\t\t<\/div>\n\t\t\t\t\t<\/div>\n\t\t<\/div>\n\t\t\t\t\t\t\t\t<\/div>\n\t\t\t\t\t<\/div>\n\t\t<\/section>\n\t\t\t\t<section class=\"elementor-section elementor-top-section elementor-element elementor-element-ca6ff6e elementor-section-boxed elementor-section-height-default elementor-section-height-default\" data-id=\"ca6ff6e\" data-element_type=\"section\">\n\t\t\t\t\t\t<div class=\"elementor-container elementor-column-gap-default\">\n\t\t\t\t\t\t\t<div class=\"elementor-row\">\n\t\t\t\t\t<div class=\"elementor-column elementor-col-100 elementor-top-column elementor-element elementor-element-be74ce1\" data-id=\"be74ce1\" data-element_type=\"column\">\n\t\t\t<div class=\"elementor-column-wrap elementor-element-populated\">\n\t\t\t\t\t\t\t<div class=\"elementor-widget-wrap\">\n\t\t\t\t\t\t<div class=\"elementor-element elementor-element-af2c6a1 elementor-widget elementor-widget-spacer\" data-id=\"af2c6a1\" data-element_type=\"widget\" data-widget_type=\"spacer.default\">\n\t\t\t\t<div class=\"elementor-widget-container\">\n\t\t\t\t\t<div class=\"elementor-spacer\">\n\t\t\t<div class=\"elementor-spacer-inner\"><\/div>\n\t\t<\/div>\n\t\t\t\t<\/div>\n\t\t\t\t<\/div>\n\t\t\t\t<div class=\"elementor-element elementor-element-27e3c9c elementor-widget elementor-widget-text-editor\" data-id=\"27e3c9c\" data-element_type=\"widget\" data-widget_type=\"text-editor.default\">\n\t\t\t\t<div class=\"elementor-widget-container\">\n\t\t\t\t\t<div class=\"elementor-text-editor elementor-clearfix\"><article><h1>Conditions of participation and contract<\/h1><p><strong>The registration<\/strong><br \/>must be made in writing or online using the appropriate registration form.<\/p><p><strong>Payment method<\/strong><br \/>After registration you will receive a booking confirmation with invoice. The invoice amount is payable by bank transfer no later than two weeks before the event. Accommodation is not included in the participation fee.<\/p><p><strong>Booking<\/strong><br \/>If a seminar is fully booked, you will be informed immediately. In the event that the seminar or training is not completed, no further claims for reimbursement or liability can be made over and above the amounts received by us. We also reserve the right to replace those lecturers named in our programs or on the Internet with correspondingly different specialists.\u00a0<\/p><p><strong>Cancellation<\/strong><br \/>If you are unable to attend the event, we will always accept a replacement participant at no extra charge.<\/p><p>If you wish to cancel your registration completely instead, the following fees will apply:<\/p><table><tbody><tr><td><strong>Date of cancellation<\/strong><\/td><td><strong>Cancellation fee<\/strong><\/td><\/tr><tr><td>until 14 days before the start of the event<\/td><td>CHF 50<\/td><\/tr><tr><td>up to 7 days before the start of the event<\/td><td>50% of the participation fee<\/td><\/tr><tr><td>within 7 days before the start of the event<\/td><td>100% of the participation fee<\/td><\/tr><\/tbody><\/table><hr \/><h3><strong>Cancellation policy<\/strong><\/h3><p><strong>Right of withdrawal<\/strong><br \/>You have the right to cancel your registration in writing within 14 days without giving reasons. The revocation period is 14 days from the day of the conclusion of the contract.<\/p><p>In order to exercise your right of revocation, you must inform us by means of a clear declaration (e.g. a letter, fax or e-mail sent by post) of your decision to revoke this contract. You can use the\u00a0<a title=\"Sample revocation form\" href=\"https:\/\/ayurveda-symposium.org\/en\/images\/PDF\/Widerrufsformular.pdf\/\" target=\"_blank\" rel=\"noopener\">Download sample revocation form here<\/a>\u00a0and use, but which is not mandatory.<\/p><p>For the observance of the time limit, it is sufficient to send the revocation to the address in due time:<br \/>Rosenberg Society for Holistic Health and Education gGmbH Forsthausstr. 6 D-63633 Birstein info(at)ayurveda-akademie.org<\/p><p><strong>Consequences of withdrawal<\/strong><br \/>If you revoke your contract, we must reimburse you for all payments we have received from you immediately and at the latest within fourteen days of the day on which we receive notification of your revocation of this contract. We will use the same means of payment for this refund as you used for the original transaction, unless expressly agreed otherwise with you; in no event will you be charged for this refund.<\/p><p>In the event of an effective revocation, there is no longer a claim to the contractual performance. If this has already been rendered in whole or in part, usually by your participation in a seminar\/event, you are obliged to fulfil the agreed payment obligation proportionately.<\/p><p><strong>End of the cancellation policy<\/strong><\/p><p><strong>\u00a0<\/strong><\/p><hr \/><p><strong>\u00a0<\/strong><\/p><p><strong>Room booking<br \/><\/strong>Accommodation is not included in the seminar price. Accommodation must be booked by the participants themselves.<\/p><p><strong>Responsibility and liability<\/strong><br \/>Each participant is fully responsible for his or her own actions. The organizer is only liable in case of intent or gross negligence. Any other liability claims are excluded. This applies in particular to physical injury and theft of any kind. Any illnesses must be communicated to the seminar leaders before the beginning of the event. The offered seminars do not replace medical treatment or therapy. The house rules must be followed.<\/p><p><strong>Photography and filming<\/strong><br \/>At the International Ayurveda Symposium photos and film recordings will be made, on which the participants are partly recognizable. By registering for the event, you give your consent that these pictures may be used without restriction for private and\/or commercial purposes. This includes publication, distribution, use, editing and transfer in digital and print form by the organizer or third parties. Your consent is not limited in time or place and applies to all forms of distribution and publication. The future assertion of claims for injunction against the aforementioned use of the recordings is excluded.<\/p><p><strong>Organizer:<\/strong><\/p><p>Rosenberg Ayurveda and Wellness-Consulting AG<br \/><span style=\"color: var( --e-global-color-text ); font-weight: var( --e-global-typography-text-font-weight ); font-size: 1rem;\">European Academy for Ayurveda Switzerland<br \/><\/span><span style=\"color: var( --e-global-color-text ); font-weight: var( --e-global-typography-text-font-weight ); font-size: 1rem;\">B\u00fcelstrasse 17<br \/><\/span><span style=\"color: var( --e-global-color-text ); font-weight: var( --e-global-typography-text-font-weight ); font-size: 1rem;\">CH-6052 Hergiswil NW<\/span><\/p><p>Managing Director: Mark Rosenberg.\u00a0<\/p><\/article><section style=\"display: flex; flex-wrap: wrap; margin: 0px 0px 0px -40px; padding: 40px 0px 0px; list-style: none; color: #666666; font-family: Verdana; font-size: 13px; font-style: normal; font-variant-ligatures: normal; font-variant-caps: normal; font-weight: 400; letter-spacing: normal; orphans: 2; text-align: start; text-indent: 0px; text-transform: none; white-space: normal; widows: 2; word-spacing: 0px; -webkit-text-stroke-width: 0px; background-color: #ffffff; text-decoration-style: initial; text-decoration-color: initial;\" data-uk-grid-match=\"{target:'&gt; div &gt; .uk-panel'}\" data-uk-grid-margin=\"\"><p>\u00a0<\/p><div><div>\u00a0<\/div><\/div><\/section><\/div>\n\t\t\t\t<\/div>\n\t\t\t\t<\/div>\n\t\t\t\t<div class=\"elementor-element elementor-element-3ac2d86 elementor-widget elementor-widget-global elementor-global-3445 elementor-widget-spacer\" data-id=\"3ac2d86\" data-element_type=\"widget\" data-widget_type=\"spacer.default\">\n\t\t\t\t<div class=\"elementor-widget-container\">\n\t\t\t\t\t<div class=\"elementor-spacer\">\n\t\t\t<div class=\"elementor-spacer-inner\"><\/div>\n\t\t<\/div>\n\t\t\t\t<\/div>\n\t\t\t\t<\/div>\n\t\t\t\t\t\t<\/div>\n\t\t\t\t\t<\/div>\n\t\t<\/div>\n\t\t\t\t\t\t\t\t<\/div>\n\t\t\t\t\t<\/div>\n\t\t<\/section>\n\t\t\t\t\t\t<\/div>\n\t\t\t\t\t\t<\/div>\n\t\t\t\t\t<\/div>","protected":false},"excerpt":{"rendered":"<p>Conditions of participation and contract Registration must be made in writing or online using the relevant registration form. Method of payment After registration you will receive a booking confirmation with invoice. The invoice amount is payable by bank transfer no later than two weeks before the event. Accommodation is not included in the participation fee. Booking If a seminar is fully booked, you will be informed immediately [...]<\/p>","protected":false},"author":7,"featured_media":0,"parent":0,"menu_order":0,"comment_status":"closed","ping_status":"closed","template":"elementor_header_footer","meta":{"_jet_sm_ready_style":"","_jet_sm_style":"","_jet_sm_controls_values":"","_jet_sm_fonts_collection":"","_jet_sm_fonts_links":""},"acf":[],"yoast_head":"<!-- This site is optimized with the Yoast SEO plugin v20.7 - https:\/\/yoast.com\/wordpress\/plugins\/seo\/ -->\n<title>Teilnahmebedingungen f\u00fcr das internationale Ayurveda Symposium<\/title>\n<meta name=\"description\" content=\"Die Teilnahmebedingungen, Stornierungsgeb\u00fchren und weitere rechtliche Hinweise f\u00fcr das internationale Ayurveda Symposium in Birstein.\" \/>\n<meta name=\"robots\" content=\"noindex, nofollow\" \/>\n<meta name=\"twitter:label1\" content=\"Estimated reading time\" \/>\n\t<meta name=\"twitter:data1\" content=\"4 minutes\" \/>\n<script type=\"application\/ld+json\" class=\"yoast-schema-graph\">{\"@context\":\"https:\/\/schema.org\",\"@graph\":[{\"@type\":\"WebPage\",\"@id\":\"https:\/\/ayurveda-symposium.org\/teilnahmebedingungen\/\",\"url\":\"https:\/\/ayurveda-symposium.org\/teilnahmebedingungen\/\",\"name\":\"Teilnahmebedingungen f\u00fcr das internationale Ayurveda Symposium\",\"isPartOf\":{\"@id\":\"https:\/\/ayurveda-symposium.org\/#website\"},\"datePublished\":\"2020-06-29T15:06:37+00:00\",\"dateModified\":\"2024-05-27T09:07:56+00:00\",\"description\":\"Die Teilnahmebedingungen, Stornierungsgeb\u00fchren und weitere rechtliche Hinweise f\u00fcr das internationale Ayurveda Symposium in Birstein.\",\"breadcrumb\":{\"@id\":\"https:\/\/ayurveda-symposium.org\/teilnahmebedingungen\/#breadcrumb\"},\"inLanguage\":\"en-GB\",\"potentialAction\":[{\"@type\":\"ReadAction\",\"target\":[\"https:\/\/ayurveda-symposium.org\/teilnahmebedingungen\/\"]}]},{\"@type\":\"BreadcrumbList\",\"@id\":\"https:\/\/ayurveda-symposium.org\/teilnahmebedingungen\/#breadcrumb\",\"itemListElement\":[{\"@type\":\"ListItem\",\"position\":1,\"name\":\"Startseite\",\"item\":\"https:\/\/ayurveda-symposium.org\/\"},{\"@type\":\"ListItem\",\"position\":2,\"name\":\"Teilnahmebedingungen\"}]},{\"@type\":\"WebSite\",\"@id\":\"https:\/\/ayurveda-symposium.org\/#website\",\"url\":\"https:\/\/ayurveda-symposium.org\/\",\"name\":\"27. Internationales Ayurveda Symposium 2026\",\"description\":\"27. Internationales Ayurveda Symposium 2026 findet dieses Jahr in Birstein an der Europ\u00e4ischen Akademie f\u00fcr Ayurveda statt.\",\"publisher\":{\"@id\":\"https:\/\/ayurveda-symposium.org\/#organization\"},\"potentialAction\":[{\"@type\":\"SearchAction\",\"target\":{\"@type\":\"EntryPoint\",\"urlTemplate\":\"https:\/\/ayurveda-symposium.org\/?s={search_term_string}\"},\"query-input\":\"required name=search_term_string\"}],\"inLanguage\":\"en-GB\"},{\"@type\":\"Organization\",\"@id\":\"https:\/\/ayurveda-symposium.org\/#organization\",\"name\":\"27. Internationales Ayurveda Symposium 2026\",\"url\":\"https:\/\/ayurveda-symposium.org\/\",\"logo\":{\"@type\":\"ImageObject\",\"inLanguage\":\"en-GB\",\"@id\":\"https:\/\/ayurveda-symposium.org\/#\/schema\/logo\/image\/\",\"url\":\"https:\/\/ayurveda-symposium.org\/wp-content\/uploads\/2020\/03\/logo_SYM_de_rgb.svg\",\"contentUrl\":\"https:\/\/ayurveda-symposium.org\/wp-content\/uploads\/2020\/03\/logo_SYM_de_rgb.svg\",\"width\":205.9,\"height\":137.3,\"caption\":\"27. Internationales Ayurveda Symposium 2026\"},\"image\":{\"@id\":\"https:\/\/ayurveda-symposium.org\/#\/schema\/logo\/image\/\"}}]}<\/script>\n<!-- \/ Yoast SEO plugin. -->","yoast_head_json":{"title":"Teilnahmebedingungen f\u00fcr das internationale Ayurveda Symposium","description":"Die Teilnahmebedingungen, Stornierungsgeb\u00fchren und weitere rechtliche Hinweise f\u00fcr das internationale Ayurveda Symposium in Birstein.","robots":{"index":"noindex","follow":"nofollow"},"twitter_misc":{"Estimated reading time":"4 minutes"},"schema":{"@context":"https:\/\/schema.org","@graph":[{"@type":"WebPage","@id":"https:\/\/ayurveda-symposium.org\/teilnahmebedingungen\/","url":"https:\/\/ayurveda-symposium.org\/teilnahmebedingungen\/","name":"Teilnahmebedingungen f\u00fcr das internationale Ayurveda Symposium","isPartOf":{"@id":"https:\/\/ayurveda-symposium.org\/#website"},"datePublished":"2020-06-29T15:06:37+00:00","dateModified":"2024-05-27T09:07:56+00:00","description":"Die Teilnahmebedingungen, Stornierungsgeb\u00fchren und weitere rechtliche Hinweise f\u00fcr das internationale Ayurveda Symposium in Birstein.","breadcrumb":{"@id":"https:\/\/ayurveda-symposium.org\/teilnahmebedingungen\/#breadcrumb"},"inLanguage":"en-GB","potentialAction":[{"@type":"ReadAction","target":["https:\/\/ayurveda-symposium.org\/teilnahmebedingungen\/"]}]},{"@type":"BreadcrumbList","@id":"https:\/\/ayurveda-symposium.org\/teilnahmebedingungen\/#breadcrumb","itemListElement":[{"@type":"ListItem","position":1,"name":"Startseite","item":"https:\/\/ayurveda-symposium.org\/"},{"@type":"ListItem","position":2,"name":"Teilnahmebedingungen"}]},{"@type":"WebSite","@id":"https:\/\/ayurveda-symposium.org\/#website","url":"https:\/\/ayurveda-symposium.org\/","name":"27. Internationales Ayurveda Symposium 2026","description":"27. Internationales Ayurveda Symposium 2026 findet dieses Jahr in Birstein an der Europ\u00e4ischen Akademie f\u00fcr Ayurveda statt.","publisher":{"@id":"https:\/\/ayurveda-symposium.org\/#organization"},"potentialAction":[{"@type":"SearchAction","target":{"@type":"EntryPoint","urlTemplate":"https:\/\/ayurveda-symposium.org\/?s={search_term_string}"},"query-input":"required name=search_term_string"}],"inLanguage":"en-GB"},{"@type":"Organization","@id":"https:\/\/ayurveda-symposium.org\/#organization","name":"27. Internationales Ayurveda Symposium 2026","url":"https:\/\/ayurveda-symposium.org\/","logo":{"@type":"ImageObject","inLanguage":"en-GB","@id":"https:\/\/ayurveda-symposium.org\/#\/schema\/logo\/image\/","url":"https:\/\/ayurveda-symposium.org\/wp-content\/uploads\/2020\/03\/logo_SYM_de_rgb.svg","contentUrl":"https:\/\/ayurveda-symposium.org\/wp-content\/uploads\/2020\/03\/logo_SYM_de_rgb.svg","width":205.9,"height":137.3,"caption":"27. Internationales Ayurveda Symposium 2026"},"image":{"@id":"https:\/\/ayurveda-symposium.org\/#\/schema\/logo\/image\/"}}]}},"_links":{"self":[{"href":"https:\/\/ayurveda-symposium.org\/en\/wp-json\/wp\/v2\/pages\/4890"}],"collection":[{"href":"https:\/\/ayurveda-symposium.org\/en\/wp-json\/wp\/v2\/pages"}],"about":[{"href":"https:\/\/ayurveda-symposium.org\/en\/wp-json\/wp\/v2\/types\/page"}],"author":[{"embeddable":true,"href":"https:\/\/ayurveda-symposium.org\/en\/wp-json\/wp\/v2\/users\/7"}],"replies":[{"embeddable":true,"href":"https:\/\/ayurveda-symposium.org\/en\/wp-json\/wp\/v2\/comments?post=4890"}],"version-history":[{"count":5,"href":"https:\/\/ayurveda-symposium.org\/en\/wp-json\/wp\/v2\/pages\/4890\/revisions"}],"predecessor-version":[{"id":12346,"href":"https:\/\/ayurveda-symposium.org\/en\/wp-json\/wp\/v2\/pages\/4890\/revisions\/12346"}],"wp:attachment":[{"href":"https:\/\/ayurveda-symposium.org\/en\/wp-json\/wp\/v2\/media?parent=4890"}],"curies":[{"name":"wp","href":"https:\/\/api.w.org\/{rel}","templated":true}]}}