{"id":3504,"date":"2020-03-31T11:14:11","date_gmt":"2020-03-31T09:14:11","guid":{"rendered":"https:\/\/ayurveda-symposium.pandowebsites.de\/?page_id=3504"},"modified":"2026-03-04T14:34:32","modified_gmt":"2026-03-04T13:34:32","slug":"kontakt","status":"publish","type":"page","link":"https:\/\/ayurveda-symposium.org\/en\/kontakt\/","title":{"rendered":"Contact"},"content":{"rendered":"<div data-elementor-type=\"wp-page\" data-elementor-id=\"3504\" class=\"elementor elementor-3504\" data-elementor-settings=\"[]\">\n\t\t\t\t\t\t<div class=\"elementor-inner\">\n\t\t\t\t\t\t\t<div class=\"elementor-section-wrap\">\n\t\t\t\t\t\t\t<section class=\"elementor-section elementor-top-section elementor-element elementor-element-1b33e65 elementor-section-height-min-height elementor-section-boxed elementor-section-height-default elementor-section-items-middle\" data-id=\"1b33e65\" data-element_type=\"section\" id=\"hero\" data-settings=\"{&quot;background_background&quot;:&quot;classic&quot;,&quot;shape_divider_bottom&quot;:&quot;waves&quot;}\">\n\t\t\t\t\t\t\t<div class=\"elementor-background-overlay\"><\/div>\n\t\t\t\t\t\t<div class=\"elementor-shape elementor-shape-bottom\" data-negative=\"false\">\n\t\t\t<svg xmlns=\"http:\/\/www.w3.org\/2000\/svg\" viewbox=\"0 0 1000 100\" preserveaspectratio=\"none\">\n\t<path class=\"elementor-shape-fill\" d=\"M421.9,6.5c22.6-2.5,51.5,0.4,75.5,5.3c23.6,4.9,70.9,23.5,100.5,35.7c75.8,32.2,133.7,44.5,192.6,49.7\tc23.6,2.1,48.7,3.5,103.4-2.5c54.7-6,106.2-25.6,106.2-25.6V0H0v30.3c0,0,72,32.6,158.4,30.5c39.2-0.7,92.8-6.7,134-22.4\tc21.2-8.1,52.2-18.2,79.7-24.2C399.3,7.9,411.6,7.5,421.9,6.5z\"\/>\n<\/svg>\t\t<\/div>\n\t\t\t\t\t<div class=\"elementor-container elementor-column-gap-default\">\n\t\t\t\t\t\t\t<div class=\"elementor-row\">\n\t\t\t\t\t<div class=\"elementor-column elementor-col-100 elementor-top-column elementor-element elementor-element-ddbf792\" data-id=\"ddbf792\" data-element_type=\"column\">\n\t\t\t<div class=\"elementor-column-wrap\">\n\t\t\t\t\t\t\t<div class=\"elementor-widget-wrap\">\n\t\t\t\t\t\t\t\t<\/div>\n\t\t\t\t\t<\/div>\n\t\t<\/div>\n\t\t\t\t\t\t\t\t<\/div>\n\t\t\t\t\t<\/div>\n\t\t<\/section>\n\t\t\t\t<section class=\"elementor-section elementor-top-section elementor-element elementor-element-bc62f82 elementor-section-boxed elementor-section-height-default elementor-section-height-default\" data-id=\"bc62f82\" data-element_type=\"section\">\n\t\t\t\t\t\t<div class=\"elementor-container elementor-column-gap-default\">\n\t\t\t\t\t\t\t<div class=\"elementor-row\">\n\t\t\t\t\t<div class=\"elementor-column elementor-col-100 elementor-top-column elementor-element elementor-element-1c565da\" data-id=\"1c565da\" data-element_type=\"column\">\n\t\t\t<div class=\"elementor-column-wrap elementor-element-populated\">\n\t\t\t\t\t\t\t<div class=\"elementor-widget-wrap\">\n\t\t\t\t\t\t<div class=\"elementor-element elementor-element-8f2990d elementor-widget elementor-widget-global elementor-global-3386 elementor-widget-spacer\" data-id=\"8f2990d\" data-element_type=\"widget\" data-widget_type=\"spacer.default\">\n\t\t\t\t<div class=\"elementor-widget-container\">\n\t\t\t\t\t<div class=\"elementor-spacer\">\n\t\t\t<div class=\"elementor-spacer-inner\"><\/div>\n\t\t<\/div>\n\t\t\t\t<\/div>\n\t\t\t\t<\/div>\n\t\t\t\t<div class=\"elementor-element elementor-element-f9c2432 elementor-widget elementor-widget-heading\" data-id=\"f9c2432\" data-element_type=\"widget\" data-widget_type=\"heading.default\">\n\t\t\t\t<div class=\"elementor-widget-container\">\n\t\t\t<h1 class=\"elementor-heading-title elementor-size-default\">Contact<\/h1>\t\t<\/div>\n\t\t\t\t<\/div>\n\t\t\t\t<div class=\"elementor-element elementor-element-7c62ac1 elementor-widget elementor-widget-text-editor\" data-id=\"7c62ac1\" data-element_type=\"widget\" data-widget_type=\"text-editor.default\">\n\t\t\t\t<div class=\"elementor-widget-container\">\n\t\t\t\t\t<div class=\"elementor-text-editor elementor-clearfix\"><p>The international symposium is organised by the European Academy of Ayurveda. You can reach us here:<\/p><\/div>\n\t\t\t\t<\/div>\n\t\t\t\t<\/div>\n\t\t\t\t<div class=\"elementor-element elementor-element-68b1767 elementor-icon-list--layout-traditional elementor-list-item-link-full_width elementor-widget elementor-widget-icon-list\" data-id=\"68b1767\" data-element_type=\"widget\" data-widget_type=\"icon-list.default\">\n\t\t\t\t<div class=\"elementor-widget-container\">\n\t\t\t\t\t<ul class=\"elementor-icon-list-items\">\n\t\t\t\t\t\t\t<li class=\"elementor-icon-list-item\">\n\t\t\t\t\t\t\t\t\t\t\t<span class=\"elementor-icon-list-icon\">\n\t\t\t\t\t\t\t<i aria-hidden=\"true\" class=\"fas fa-map-marker-alt\"><\/i>\t\t\t\t\t\t<\/span>\n\t\t\t\t\t\t\t\t\t\t<span class=\"elementor-icon-list-text\">European Academy for Ayurveda (Germany)<br>Forsthausstra\u00dfe 6<br>63633 Birstein<\/span>\n\t\t\t\t\t\t\t\t\t<\/li>\n\t\t\t\t\t\t\t\t<li class=\"elementor-icon-list-item\">\n\t\t\t\t\t\t\t\t\t\t\t<span class=\"elementor-icon-list-icon\">\n\t\t\t\t\t\t\t<i aria-hidden=\"true\" class=\"fas fa-phone\"><\/i>\t\t\t\t\t\t<\/span>\n\t\t\t\t\t\t\t\t\t\t<span class=\"elementor-icon-list-text\">+49 (0)6054-9131-0<\/span>\n\t\t\t\t\t\t\t\t\t<\/li>\n\t\t\t\t\t\t\t\t<li class=\"elementor-icon-list-item\">\n\t\t\t\t\t\t\t\t\t\t\t<span class=\"elementor-icon-list-icon\">\n\t\t\t\t\t\t\t<i aria-hidden=\"true\" class=\"fas fa-fax\"><\/i>\t\t\t\t\t\t<\/span>\n\t\t\t\t\t\t\t\t\t\t<span class=\"elementor-icon-list-text\">+49 (0)6054-9131-36<\/span>\n\t\t\t\t\t\t\t\t\t<\/li>\n\t\t\t\t\t\t\t\t<li class=\"elementor-icon-list-item\">\n\t\t\t\t\t\t\t\t\t\t\t<span class=\"elementor-icon-list-icon\">\n\t\t\t\t\t\t\t<i aria-hidden=\"true\" class=\"fas fa-envelope\"><\/i>\t\t\t\t\t\t<\/span>\n\t\t\t\t\t\t\t\t\t\t<span class=\"elementor-icon-list-text\">info@ayurveda-symposium.org<\/span>\n\t\t\t\t\t\t\t\t\t<\/li>\n\t\t\t\t\t\t<\/ul>\n\t\t\t\t<\/div>\n\t\t\t\t<\/div>\n\t\t\t\t<div class=\"elementor-element elementor-element-b131178 elementor-widget-divider--view-line elementor-widget elementor-widget-divider\" data-id=\"b131178\" data-element_type=\"widget\" data-widget_type=\"divider.default\">\n\t\t\t\t<div class=\"elementor-widget-container\">\n\t\t\t\t\t<div class=\"elementor-divider\">\n\t\t\t<span class=\"elementor-divider-separator\">\n\t\t\t\t\t\t<\/span>\n\t\t<\/div>\n\t\t\t\t<\/div>\n\t\t\t\t<\/div>\n\t\t\t\t<div class=\"elementor-element elementor-element-158c048 elementor-widget elementor-widget-global elementor-global-3249 elementor-widget-spacer\" data-id=\"158c048\" data-element_type=\"widget\" data-widget_type=\"spacer.default\">\n\t\t\t\t<div class=\"elementor-widget-container\">\n\t\t\t\t\t<div class=\"elementor-spacer\">\n\t\t\t<div class=\"elementor-spacer-inner\"><\/div>\n\t\t<\/div>\n\t\t\t\t<\/div>\n\t\t\t\t<\/div>\n\t\t\t\t<div class=\"elementor-element elementor-element-9d46ed6 elementor-button-align-end elementor-tablet-button-align-start elementor-mobile-button-align-start elementor-widget elementor-widget-form\" data-id=\"9d46ed6\" data-element_type=\"widget\" data-settings=\"{&quot;step_next_label&quot;:&quot;N\\u00e4chster&quot;,&quot;step_previous_label&quot;:&quot;Voriger&quot;,&quot;button_width&quot;:&quot;100&quot;,&quot;step_type&quot;:&quot;number_text&quot;,&quot;step_icon_shape&quot;:&quot;circle&quot;}\" data-widget_type=\"form.default\">\n\t\t\t\t<div class=\"elementor-widget-container\">\n\t\t\t\t\t<form class=\"elementor-form\" method=\"post\" name=\"Neues Formular\" action=\"\">\n\t\t\t<input type=\"hidden\" name=\"post_id\" value=\"3504\"\/>\n\t\t\t<input type=\"hidden\" name=\"form_id\" value=\"9d46ed6\"\/>\n\t\t\t<input type=\"hidden\" name=\"referer_title\" value=\"27. Internationales Ayurveda Symposium 2026\" \/>\n\n\t\t\t\n\t\t\t<div class=\"elementor-form-fields-wrapper elementor-labels-\">\n\t\t\t\t\t\t\t\t<div class=\"elementor-field-type-text elementor-field-group elementor-column elementor-field-group-name elementor-col-50\">\n\t\t\t\t\t<label for=\"form-field-name\" class=\"elementor-field-label elementor-screen-only\">First name<\/label><input size=\"1\" type=\"text\" name=\"form_fields[name]\" id=\"form-field-name\" class=\"elementor-field elementor-size-sm  elementor-field-textual\" placeholder=\"First name\">\t\t\t\t<\/div>\n\t\t\t\t\t\t\t\t<div class=\"elementor-field-type-text elementor-field-group elementor-column elementor-field-group-field_21f8164 elementor-col-50\">\n\t\t\t\t\t<label for=\"form-field-field_21f8164\" class=\"elementor-field-label elementor-screen-only\">Last name<\/label><input size=\"1\" type=\"text\" name=\"form_fields[field_21f8164]\" id=\"form-field-field_21f8164\" class=\"elementor-field elementor-size-sm  elementor-field-textual\" placeholder=\"Last name\">\t\t\t\t<\/div>\n\t\t\t\t\t\t\t\t<div class=\"elementor-field-type-email elementor-field-group elementor-column elementor-field-group-email elementor-col-100 elementor-field-required\">\n\t\t\t\t\t<label for=\"form-field-email\" class=\"elementor-field-label elementor-screen-only\">E-mail<\/label><input size=\"1\" type=\"email\" name=\"form_fields[email]\" id=\"form-field-email\" class=\"elementor-field elementor-size-sm  elementor-field-textual\" placeholder=\"E-mail\" required=\"required\" aria-required=\"true\">\t\t\t\t<\/div>\n\t\t\t\t\t\t\t\t<div class=\"elementor-field-type-tel elementor-field-group elementor-column elementor-field-group-field_a864702 elementor-col-100\">\n\t\t\t\t\t<label for=\"form-field-field_a864702\" class=\"elementor-field-label elementor-screen-only\">Phone<\/label><input size=\"1\" type=\"tel\" name=\"form_fields[field_a864702]\" id=\"form-field-field_a864702\" class=\"elementor-field elementor-size-sm  elementor-field-textual\" placeholder=\"Phone\" pattern=\"[0-9()#&amp;+*-=.]+\" title=\"Only numbers and phone characters (#, -, *, etc) are accepted.\">\t\t\t\t<\/div>\n\t\t\t\t\t\t\t\t<div class=\"elementor-field-type-textarea elementor-field-group elementor-column elementor-field-group-message elementor-col-100\">\n\t\t\t\t\t<label for=\"form-field-message\" class=\"elementor-field-label elementor-screen-only\">Message<\/label><textarea class=\"elementor-field-textual elementor-field  elementor-size-sm\" name=\"form_fields[message]\" id=\"form-field-message\" rows=\"4\" placeholder=\"Message\"><\/textarea>\t\t\t\t<\/div>\n\t\t\t\t\t\t\t\t<div class=\"elementor-field-type-recaptcha_v3 elementor-field-group elementor-column elementor-field-group-field_d33d3fb elementor-col-100 recaptcha_v3-bottomright\">\n\t\t\t\t\t<div class=\"elementor-field\" id=\"form-field-field_d33d3fb\"><div class=\"elementor-g-recaptcha\" data-sitekey=\"6LcImMUpAAAAAHS3SWMRBDJ0KkbZb_EnmTRwfzOe\" data-type=\"v3\" data-action=\"Form\" data-badge=\"bottomright\" data-size=\"invisible\"><\/div><\/div>\t\t\t\t<\/div>\n\t\t\t\t\t\t\t\t<div class=\"elementor-field-group elementor-column elementor-field-type-submit elementor-col-100 e-form__buttons\">\n\t\t\t\t\t<button type=\"submit\" class=\"elementor-button elementor-size-sm\">\n\t\t\t\t\t\t<span >\n\t\t\t\t\t\t\t\t\t\t\t\t\t\t\t<span class=\"elementor-align-icon-right elementor-button-icon\">\n\t\t\t\t\t\t\t\t\t<svg xmlns=\"http:\/\/www.w3.org\/2000\/svg\" width=\"9.595\" height=\"17.821\" viewbox=\"0 0 9.595 17.821\"><path id=\"Path_2863\" data-name=\"Path 2863\" d=\"M2831,291.331l8.535,8.557L2831,308.446\" transform=\"translate(-2830.646 -290.978)\" fill=\"none\" stroke=\"#fff\" stroke-width=\"1\"><\/path><\/svg>\t\t\t\t\t\t\t\t\t\t\t\t\t\t\t\t\t<\/span>\n\t\t\t\t\t\t\t\t\t\t\t\t\t\t\t\t\t\t\t\t\t\t<span class=\"elementor-button-text\">Send<\/span>\n\t\t\t\t\t\t\t\t\t\t\t\t\t<\/span>\n\t\t\t\t\t<\/button>\n\t\t\t\t<\/div>\n\t\t\t<\/div>\n\t\t<input type=\"hidden\" name=\"trp-form-language\" value=\"en\"\/><\/form>\n\t\t\t\t<\/div>\n\t\t\t\t<\/div>\n\t\t\t\t<div class=\"elementor-element elementor-element-2446bb9 elementor-widget elementor-widget-global elementor-global-2834 elementor-widget-spacer\" data-id=\"2446bb9\" data-element_type=\"widget\" data-widget_type=\"spacer.default\">\n\t\t\t\t<div class=\"elementor-widget-container\">\n\t\t\t\t\t<div class=\"elementor-spacer\">\n\t\t\t<div class=\"elementor-spacer-inner\"><\/div>\n\t\t<\/div>\n\t\t\t\t<\/div>\n\t\t\t\t<\/div>\n\t\t\t\t<div class=\"elementor-element elementor-element-10a9075 elementor-widget elementor-widget-global elementor-global-3445 elementor-widget-spacer\" data-id=\"10a9075\" data-element_type=\"widget\" data-widget_type=\"spacer.default\">\n\t\t\t\t<div class=\"elementor-widget-container\">\n\t\t\t\t\t<div class=\"elementor-spacer\">\n\t\t\t<div class=\"elementor-spacer-inner\"><\/div>\n\t\t<\/div>\n\t\t\t\t<\/div>\n\t\t\t\t<\/div>\n\t\t\t\t\t\t<\/div>\n\t\t\t\t\t<\/div>\n\t\t<\/div>\n\t\t\t\t\t\t\t\t<\/div>\n\t\t\t\t\t<\/div>\n\t\t<\/section>\n\t\t\t\t\t\t<\/div>\n\t\t\t\t\t\t<\/div>\n\t\t\t\t\t<\/div>","protected":false},"excerpt":{"rendered":"<p>Kontakt Das internationale Symposium wird organisiert von der Europ\u00e4ischen Akademie f\u00fcr Ayurveda. Hier erreichen Sie uns: Europ\u00e4ische Akademie f\u00fcr Ayurveda (Deutschland)Forsthausstra\u00dfe 663633 Birstein +49 (0)6054-9131-0 +49 (0)6054-9131-36 info@ayurveda-symposium.org<\/p>","protected":false},"author":7,"featured_media":0,"parent":0,"menu_order":0,"comment_status":"closed","ping_status":"closed","template":"elementor_header_footer","meta":{"_jet_sm_ready_style":"","_jet_sm_style":"","_jet_sm_controls_values":"","_jet_sm_fonts_collection":"","_jet_sm_fonts_links":""},"acf":[],"yoast_head":"<!-- This site is optimized with the Yoast SEO plugin v20.7 - https:\/\/yoast.com\/wordpress\/plugins\/seo\/ -->\n<title>Kontaktm\u00f6glichkeiten f\u00fcr das internationale Ayurveda Symposium<\/title>\n<meta name=\"description\" content=\"Hier finden Sie alle Kontaktm\u00f6glichkeiten zu dem Veranstalter des internationalen Ayurveda Symposium in Birtsein.\" \/>\n<meta name=\"robots\" content=\"index, follow, max-snippet:-1, max-image-preview:large, max-video-preview:-1\" \/>\n<link rel=\"canonical\" href=\"https:\/\/ayurveda-symposium.org\/en\/kontakt\/\" \/>\n<meta name=\"twitter:label1\" content=\"Estimated reading time\" \/>\n\t<meta name=\"twitter:data1\" content=\"1 minute\" \/>\n<script type=\"application\/ld+json\" class=\"yoast-schema-graph\">{\"@context\":\"https:\/\/schema.org\",\"@graph\":[{\"@type\":\"WebPage\",\"@id\":\"https:\/\/ayurveda-symposium.org\/kontakt\/\",\"url\":\"https:\/\/ayurveda-symposium.org\/kontakt\/\",\"name\":\"Kontaktm\u00f6glichkeiten f\u00fcr das internationale Ayurveda Symposium\",\"isPartOf\":{\"@id\":\"https:\/\/ayurveda-symposium.org\/#website\"},\"datePublished\":\"2020-03-31T09:14:11+00:00\",\"dateModified\":\"2026-03-04T13:34:32+00:00\",\"description\":\"Hier finden Sie alle Kontaktm\u00f6glichkeiten zu dem Veranstalter des internationalen Ayurveda Symposium in Birtsein.\",\"breadcrumb\":{\"@id\":\"https:\/\/ayurveda-symposium.org\/kontakt\/#breadcrumb\"},\"inLanguage\":\"en-GB\",\"potentialAction\":[{\"@type\":\"ReadAction\",\"target\":[\"https:\/\/ayurveda-symposium.org\/kontakt\/\"]}]},{\"@type\":\"BreadcrumbList\",\"@id\":\"https:\/\/ayurveda-symposium.org\/kontakt\/#breadcrumb\",\"itemListElement\":[{\"@type\":\"ListItem\",\"position\":1,\"name\":\"Startseite\",\"item\":\"https:\/\/ayurveda-symposium.org\/\"},{\"@type\":\"ListItem\",\"position\":2,\"name\":\"Kontakt\"}]},{\"@type\":\"WebSite\",\"@id\":\"https:\/\/ayurveda-symposium.org\/#website\",\"url\":\"https:\/\/ayurveda-symposium.org\/\",\"name\":\"27. Internationales Ayurveda Symposium 2026\",\"description\":\"27. Internationales Ayurveda Symposium 2026 findet dieses Jahr in Birstein an der Europ\u00e4ischen Akademie f\u00fcr Ayurveda statt.\",\"publisher\":{\"@id\":\"https:\/\/ayurveda-symposium.org\/#organization\"},\"potentialAction\":[{\"@type\":\"SearchAction\",\"target\":{\"@type\":\"EntryPoint\",\"urlTemplate\":\"https:\/\/ayurveda-symposium.org\/?s={search_term_string}\"},\"query-input\":\"required name=search_term_string\"}],\"inLanguage\":\"en-GB\"},{\"@type\":\"Organization\",\"@id\":\"https:\/\/ayurveda-symposium.org\/#organization\",\"name\":\"27. Internationales Ayurveda Symposium 2026\",\"url\":\"https:\/\/ayurveda-symposium.org\/\",\"logo\":{\"@type\":\"ImageObject\",\"inLanguage\":\"en-GB\",\"@id\":\"https:\/\/ayurveda-symposium.org\/#\/schema\/logo\/image\/\",\"url\":\"https:\/\/ayurveda-symposium.org\/wp-content\/uploads\/2020\/03\/logo_SYM_de_rgb.svg\",\"contentUrl\":\"https:\/\/ayurveda-symposium.org\/wp-content\/uploads\/2020\/03\/logo_SYM_de_rgb.svg\",\"width\":205.9,\"height\":137.3,\"caption\":\"27. Internationales Ayurveda Symposium 2026\"},\"image\":{\"@id\":\"https:\/\/ayurveda-symposium.org\/#\/schema\/logo\/image\/\"}}]}<\/script>\n<!-- \/ Yoast SEO plugin. -->","yoast_head_json":{"title":"Kontaktm\u00f6glichkeiten f\u00fcr das internationale Ayurveda Symposium","description":"Hier finden Sie alle Kontaktm\u00f6glichkeiten zu dem Veranstalter des internationalen Ayurveda Symposium in Birtsein.","robots":{"index":"index","follow":"follow","max-snippet":"max-snippet:-1","max-image-preview":"max-image-preview:large","max-video-preview":"max-video-preview:-1"},"canonical":"https:\/\/ayurveda-symposium.org\/en\/kontakt\/","twitter_misc":{"Estimated reading time":"1 minute"},"schema":{"@context":"https:\/\/schema.org","@graph":[{"@type":"WebPage","@id":"https:\/\/ayurveda-symposium.org\/kontakt\/","url":"https:\/\/ayurveda-symposium.org\/kontakt\/","name":"Kontaktm\u00f6glichkeiten f\u00fcr das internationale Ayurveda Symposium","isPartOf":{"@id":"https:\/\/ayurveda-symposium.org\/#website"},"datePublished":"2020-03-31T09:14:11+00:00","dateModified":"2026-03-04T13:34:32+00:00","description":"Hier finden Sie alle Kontaktm\u00f6glichkeiten zu dem Veranstalter des internationalen Ayurveda Symposium in Birtsein.","breadcrumb":{"@id":"https:\/\/ayurveda-symposium.org\/kontakt\/#breadcrumb"},"inLanguage":"en-GB","potentialAction":[{"@type":"ReadAction","target":["https:\/\/ayurveda-symposium.org\/kontakt\/"]}]},{"@type":"BreadcrumbList","@id":"https:\/\/ayurveda-symposium.org\/kontakt\/#breadcrumb","itemListElement":[{"@type":"ListItem","position":1,"name":"Startseite","item":"https:\/\/ayurveda-symposium.org\/"},{"@type":"ListItem","position":2,"name":"Kontakt"}]},{"@type":"WebSite","@id":"https:\/\/ayurveda-symposium.org\/#website","url":"https:\/\/ayurveda-symposium.org\/","name":"27. Internationales Ayurveda Symposium 2026","description":"27. Internationales Ayurveda Symposium 2026 findet dieses Jahr in Birstein an der Europ\u00e4ischen Akademie f\u00fcr Ayurveda statt.","publisher":{"@id":"https:\/\/ayurveda-symposium.org\/#organization"},"potentialAction":[{"@type":"SearchAction","target":{"@type":"EntryPoint","urlTemplate":"https:\/\/ayurveda-symposium.org\/?s={search_term_string}"},"query-input":"required name=search_term_string"}],"inLanguage":"en-GB"},{"@type":"Organization","@id":"https:\/\/ayurveda-symposium.org\/#organization","name":"27. Internationales Ayurveda Symposium 2026","url":"https:\/\/ayurveda-symposium.org\/","logo":{"@type":"ImageObject","inLanguage":"en-GB","@id":"https:\/\/ayurveda-symposium.org\/#\/schema\/logo\/image\/","url":"https:\/\/ayurveda-symposium.org\/wp-content\/uploads\/2020\/03\/logo_SYM_de_rgb.svg","contentUrl":"https:\/\/ayurveda-symposium.org\/wp-content\/uploads\/2020\/03\/logo_SYM_de_rgb.svg","width":205.9,"height":137.3,"caption":"27. Internationales Ayurveda Symposium 2026"},"image":{"@id":"https:\/\/ayurveda-symposium.org\/#\/schema\/logo\/image\/"}}]}},"_links":{"self":[{"href":"https:\/\/ayurveda-symposium.org\/en\/wp-json\/wp\/v2\/pages\/3504"}],"collection":[{"href":"https:\/\/ayurveda-symposium.org\/en\/wp-json\/wp\/v2\/pages"}],"about":[{"href":"https:\/\/ayurveda-symposium.org\/en\/wp-json\/wp\/v2\/types\/page"}],"author":[{"embeddable":true,"href":"https:\/\/ayurveda-symposium.org\/en\/wp-json\/wp\/v2\/users\/7"}],"replies":[{"embeddable":true,"href":"https:\/\/ayurveda-symposium.org\/en\/wp-json\/wp\/v2\/comments?post=3504"}],"version-history":[{"count":5,"href":"https:\/\/ayurveda-symposium.org\/en\/wp-json\/wp\/v2\/pages\/3504\/revisions"}],"predecessor-version":[{"id":15016,"href":"https:\/\/ayurveda-symposium.org\/en\/wp-json\/wp\/v2\/pages\/3504\/revisions\/15016"}],"wp:attachment":[{"href":"https:\/\/ayurveda-symposium.org\/en\/wp-json\/wp\/v2\/media?parent=3504"}],"curies":[{"name":"wp","href":"https:\/\/api.w.org\/{rel}","templated":true}]}}