{"id":3467,"date":"2020-03-30T20:58:55","date_gmt":"2020-03-30T18:58:55","guid":{"rendered":"https:\/\/ayurveda-symposium.pandowebsites.de\/?page_id=3467"},"modified":"2024-08-13T16:16:47","modified_gmt":"2024-08-13T14:16:47","slug":"unterbringung","status":"publish","type":"page","link":"https:\/\/ayurveda-symposium.org\/en\/unterbringung\/","title":{"rendered":"Accommodation"},"content":{"rendered":"<div data-elementor-type=\"wp-page\" data-elementor-id=\"3467\" class=\"elementor elementor-3467\" data-elementor-settings=\"[]\">\n\t\t\t\t\t\t<div class=\"elementor-inner\">\n\t\t\t\t\t\t\t<div class=\"elementor-section-wrap\">\n\t\t\t\t\t\t\t<section class=\"elementor-section elementor-top-section elementor-element elementor-element-adbf5ca elementor-section-height-min-height elementor-section-boxed elementor-section-height-default elementor-section-items-middle\" data-id=\"adbf5ca\" data-element_type=\"section\" id=\"hero\" data-settings=\"{&quot;background_background&quot;:&quot;classic&quot;,&quot;shape_divider_bottom&quot;:&quot;waves&quot;}\">\n\t\t\t\t\t\t\t<div class=\"elementor-background-overlay\"><\/div>\n\t\t\t\t\t\t<div class=\"elementor-shape elementor-shape-bottom\" data-negative=\"false\">\n\t\t\t<svg xmlns=\"http:\/\/www.w3.org\/2000\/svg\" viewbox=\"0 0 1000 100\" preserveaspectratio=\"none\">\n\t<path class=\"elementor-shape-fill\" d=\"M421.9,6.5c22.6-2.5,51.5,0.4,75.5,5.3c23.6,4.9,70.9,23.5,100.5,35.7c75.8,32.2,133.7,44.5,192.6,49.7\tc23.6,2.1,48.7,3.5,103.4-2.5c54.7-6,106.2-25.6,106.2-25.6V0H0v30.3c0,0,72,32.6,158.4,30.5c39.2-0.7,92.8-6.7,134-22.4\tc21.2-8.1,52.2-18.2,79.7-24.2C399.3,7.9,411.6,7.5,421.9,6.5z\"\/>\n<\/svg>\t\t<\/div>\n\t\t\t\t\t<div class=\"elementor-container elementor-column-gap-default\">\n\t\t\t\t\t\t\t<div class=\"elementor-row\">\n\t\t\t\t\t<div class=\"elementor-column elementor-col-100 elementor-top-column elementor-element elementor-element-2bc1a94\" data-id=\"2bc1a94\" data-element_type=\"column\">\n\t\t\t<div class=\"elementor-column-wrap\">\n\t\t\t\t\t\t\t<div class=\"elementor-widget-wrap\">\n\t\t\t\t\t\t\t\t<\/div>\n\t\t\t\t\t<\/div>\n\t\t<\/div>\n\t\t\t\t\t\t\t\t<\/div>\n\t\t\t\t\t<\/div>\n\t\t<\/section>\n\t\t\t\t<section class=\"elementor-section elementor-top-section elementor-element elementor-element-1ff5935 elementor-section-boxed elementor-section-height-default elementor-section-height-default\" data-id=\"1ff5935\" data-element_type=\"section\">\n\t\t\t\t\t\t<div class=\"elementor-container elementor-column-gap-default\">\n\t\t\t\t\t\t\t<div class=\"elementor-row\">\n\t\t\t\t\t<div class=\"elementor-column elementor-col-100 elementor-top-column elementor-element elementor-element-1d56a51\" data-id=\"1d56a51\" data-element_type=\"column\">\n\t\t\t<div class=\"elementor-column-wrap elementor-element-populated\">\n\t\t\t\t\t\t\t<div class=\"elementor-widget-wrap\">\n\t\t\t\t\t\t<div class=\"elementor-element elementor-element-a205f72 elementor-widget elementor-widget-spacer\" data-id=\"a205f72\" data-element_type=\"widget\" data-widget_type=\"spacer.default\">\n\t\t\t\t<div class=\"elementor-widget-container\">\n\t\t\t\t\t<div class=\"elementor-spacer\">\n\t\t\t<div class=\"elementor-spacer-inner\"><\/div>\n\t\t<\/div>\n\t\t\t\t<\/div>\n\t\t\t\t<\/div>\n\t\t\t\t<section class=\"elementor-section elementor-inner-section elementor-element elementor-element-357853f elementor-section-boxed elementor-section-height-default elementor-section-height-default\" data-id=\"357853f\" data-element_type=\"section\">\n\t\t\t\t\t\t<div class=\"elementor-container elementor-column-gap-default\">\n\t\t\t\t\t\t\t<div class=\"elementor-row\">\n\t\t\t\t\t<div class=\"elementor-column elementor-col-100 elementor-inner-column elementor-element elementor-element-80bb149\" data-id=\"80bb149\" data-element_type=\"column\">\n\t\t\t<div class=\"elementor-column-wrap elementor-element-populated\">\n\t\t\t\t\t\t\t<div class=\"elementor-widget-wrap\">\n\t\t\t\t\t\t<div class=\"elementor-element elementor-element-1e80212 elementor-widget elementor-widget-heading\" data-id=\"1e80212\" data-element_type=\"widget\" data-widget_type=\"heading.default\">\n\t\t\t\t<div class=\"elementor-widget-container\">\n\t\t\t<h1 class=\"elementor-heading-title elementor-size-default\">Accommodation<\/h1>\t\t<\/div>\n\t\t\t\t<\/div>\n\t\t\t\t<div class=\"elementor-element elementor-element-ebdb8dd elementor-widget elementor-widget-heading\" data-id=\"ebdb8dd\" data-element_type=\"widget\" data-widget_type=\"heading.default\">\n\t\t\t\t<div class=\"elementor-widget-container\">\n\t\t\t<h3 class=\"elementor-heading-title elementor-size-default\">Room during the symposium<\/h3>\t\t<\/div>\n\t\t\t\t<\/div>\n\t\t\t\t\t\t<\/div>\n\t\t\t\t\t<\/div>\n\t\t<\/div>\n\t\t\t\t\t\t\t\t<\/div>\n\t\t\t\t\t<\/div>\n\t\t<\/section>\n\t\t\t\t<section class=\"elementor-section elementor-inner-section elementor-element elementor-element-ac6fa22 elementor-section-boxed elementor-section-height-default elementor-section-height-default\" data-id=\"ac6fa22\" data-element_type=\"section\">\n\t\t\t\t\t\t<div class=\"elementor-container elementor-column-gap-default\">\n\t\t\t\t\t\t\t<div class=\"elementor-row\">\n\t\t\t\t\t<div class=\"elementor-column elementor-col-100 elementor-inner-column elementor-element elementor-element-8945691\" data-id=\"8945691\" data-element_type=\"column\">\n\t\t\t<div class=\"elementor-column-wrap elementor-element-populated\">\n\t\t\t\t\t\t\t<div class=\"elementor-widget-wrap\">\n\t\t\t\t\t\t<div class=\"elementor-element elementor-element-b437600 elementor-widget elementor-widget-text-editor\" data-id=\"b437600\" data-element_type=\"widget\" data-widget_type=\"text-editor.default\">\n\t\t\t\t<div class=\"elementor-widget-container\">\n\t\t\t\t\t<div class=\"elementor-text-editor elementor-clearfix\"><div>There are some rooms in the Hotel Seeburg that are blocked for participants at a reduced rate of CHF 220 per night.<\/div><div>\u00a0<\/div><div>To make a reservation <strong>\"Keyword Ayurveda\"<\/strong> you must contact the reception <b>Mr. Daniel Doenni (+41 375 55 55)<\/b> by phone or e-mail: <a href=\"mailto:fom@hotelseeburg.ch\">fom@hotelseeburg.ch<\/a> directly to the hotel.<\/div><\/div>\n\t\t\t\t<\/div>\n\t\t\t\t<\/div>\n\t\t\t\t\t\t<\/div>\n\t\t\t\t\t<\/div>\n\t\t<\/div>\n\t\t\t\t\t\t\t\t<\/div>\n\t\t\t\t\t<\/div>\n\t\t<\/section>\n\t\t\t\t<div class=\"elementor-element elementor-element-91a5b3c elementor-widget-divider--view-line elementor-widget elementor-widget-divider\" data-id=\"91a5b3c\" data-element_type=\"widget\" data-widget_type=\"divider.default\">\n\t\t\t\t<div class=\"elementor-widget-container\">\n\t\t\t\t\t<div class=\"elementor-divider\">\n\t\t\t<span class=\"elementor-divider-separator\">\n\t\t\t\t\t\t<\/span>\n\t\t<\/div>\n\t\t\t\t<\/div>\n\t\t\t\t<\/div>\n\t\t\t\t\t\t<\/div>\n\t\t\t\t\t<\/div>\n\t\t<\/div>\n\t\t\t\t\t\t\t\t<\/div>\n\t\t\t\t\t<\/div>\n\t\t<\/section>\n\t\t\t\t<section class=\"elementor-section elementor-top-section elementor-element elementor-element-17123da elementor-section-boxed elementor-section-height-default elementor-section-height-default\" data-id=\"17123da\" data-element_type=\"section\">\n\t\t\t\t\t\t<div class=\"elementor-container elementor-column-gap-default\">\n\t\t\t\t\t\t\t<div class=\"elementor-row\">\n\t\t\t\t\t<div class=\"elementor-column elementor-col-100 elementor-top-column elementor-element elementor-element-8ce7190\" data-id=\"8ce7190\" data-element_type=\"column\">\n\t\t\t<div class=\"elementor-column-wrap elementor-element-populated\">\n\t\t\t\t\t\t\t<div class=\"elementor-widget-wrap\">\n\t\t\t\t\t\t<div class=\"elementor-element elementor-element-7d32c7d elementor-widget elementor-widget-google_maps\" data-id=\"7d32c7d\" data-element_type=\"widget\" data-widget_type=\"google_maps.default\">\n\t\t\t\t<div class=\"elementor-widget-container\">\n\t\t\t<div class=\"elementor-custom-embed\"><div class=\"BorlabsCookie _brlbs-cb-googlemaps\"><div class=\"_brlbs-content-blocker\"> <div class=\"_brlbs-embed _brlbs-google-maps\"> <img decoding=\"async\" class=\"_brlbs-thumbnail\" src=\"https:\/\/ayurveda-symposium.org\/wp-content\/plugins\/borlabs-cookie\/assets\/images\/cb-maps.png\" alt=\"Google Maps\"> <div class=\"_brlbs-caption\"> <p>By loading the map you accept the privacy policy of Google.<br><a href=\"https:\/\/policies.google.com\/privacy\" target=\"_blank\" rel=\"nofollow noopener noreferrer\">Learn more<\/a><\/p> <p><a class=\"_brlbs-btn\" href=\"#\" data-borlabs-cookie-unblock role=\"button\">Load map<\/a><\/p> <p><label><input type=\"checkbox\" name=\"unblockAll\" value=\"1\" checked> <small>Always unlock Google Maps<\/small><\/label><\/p> <\/div> <\/div> <\/div><div class=\"borlabs-hide\" data-borlabs-cookie-type=\"content-blocker\" data-borlabs-cookie-id=\"googlemaps\"><script type=\"text\/template\">PGlmcmFtZSBmcmFtZWJvcmRlcj0iMCIgc2Nyb2xsaW5nPSJubyIgbWFyZ2luaGVpZ2h0PSIwIiBtYXJnaW53aWR0aD0iMCIgc3JjPSJodHRwczovL21hcHMuZ29vZ2xlLmNvbS9tYXBzP3E9aG90ZWwlMjBzZWVidXJnJTIwbHV6ZXJuJmFtcDt0PW0mYW1wO3o9MTAmYW1wO291dHB1dD1lbWJlZCZhbXA7aXdsb2M9bmVhciIgdGl0bGU9ImhvdGVsIHNlZWJ1cmcgbHV6ZXJuIiBhcmlhLWxhYmVsPSJob3RlbCBzZWVidXJnIGx1emVybiI+PC9pZnJhbWU+<\/script><\/div><\/div><\/div>\t\t<\/div>\n\t\t\t\t<\/div>\n\t\t\t\t<section class=\"elementor-section elementor-inner-section elementor-element elementor-element-9ab178d elementor-section-boxed elementor-section-height-default elementor-section-height-default\" data-id=\"9ab178d\" data-element_type=\"section\">\n\t\t\t\t\t\t<div class=\"elementor-container elementor-column-gap-default\">\n\t\t\t\t\t\t\t<div class=\"elementor-row\">\n\t\t\t\t\t<div class=\"elementor-column elementor-col-100 elementor-inner-column elementor-element elementor-element-281a282\" data-id=\"281a282\" data-element_type=\"column\">\n\t\t\t<div class=\"elementor-column-wrap elementor-element-populated\">\n\t\t\t\t\t\t\t<div class=\"elementor-widget-wrap\">\n\t\t\t\t\t\t<div class=\"elementor-element elementor-element-4affad8 elementor-align-right button-red elementor-tablet-align-right elementor-mobile-align-left elementor-widget elementor-widget-button\" data-id=\"4affad8\" data-element_type=\"widget\" data-widget_type=\"button.default\">\n\t\t\t\t<div class=\"elementor-widget-container\">\n\t\t\t\t\t<div class=\"elementor-button-wrapper\">\n\t\t\t<a href=\"https:\/\/ayurveda-symposium.org\/en\/anfahrt\/\" class=\"elementor-button-link elementor-button elementor-size-sm\" role=\"button\">\n\t\t\t\t\t\t<span class=\"elementor-button-content-wrapper\">\n\t\t\t\t\t\t<span class=\"elementor-button-icon elementor-align-icon-right\">\n\t\t\t\t<svg xmlns=\"http:\/\/www.w3.org\/2000\/svg\" width=\"9.595\" height=\"17.821\" viewbox=\"0 0 9.595 17.821\"><path id=\"Path_2863\" data-name=\"Path 2863\" d=\"M2831,291.331l8.535,8.557L2831,308.446\" transform=\"translate(-2830.646 -290.978)\" fill=\"none\" stroke=\"#fff\" stroke-width=\"1\"><\/path><\/svg>\t\t\t<\/span>\n\t\t\t\t\t\t<span class=\"elementor-button-text\">To the directions<\/span>\n\t\t<\/span>\n\t\t\t\t\t<\/a>\n\t\t<\/div>\n\t\t\t\t<\/div>\n\t\t\t\t<\/div>\n\t\t\t\t\t\t<\/div>\n\t\t\t\t\t<\/div>\n\t\t<\/div>\n\t\t\t\t\t\t\t\t<\/div>\n\t\t\t\t\t<\/div>\n\t\t<\/section>\n\t\t\t\t<div class=\"elementor-element elementor-element-a91e30f elementor-widget elementor-widget-global elementor-global-3445 elementor-widget-spacer\" data-id=\"a91e30f\" data-element_type=\"widget\" data-widget_type=\"spacer.default\">\n\t\t\t\t<div class=\"elementor-widget-container\">\n\t\t\t\t\t<div class=\"elementor-spacer\">\n\t\t\t<div class=\"elementor-spacer-inner\"><\/div>\n\t\t<\/div>\n\t\t\t\t<\/div>\n\t\t\t\t<\/div>\n\t\t\t\t\t\t<\/div>\n\t\t\t\t\t<\/div>\n\t\t<\/div>\n\t\t\t\t\t\t\t\t<\/div>\n\t\t\t\t\t<\/div>\n\t\t<\/section>\n\t\t\t\t\t\t<\/div>\n\t\t\t\t\t\t<\/div>\n\t\t\t\t\t<\/div>","protected":false},"excerpt":{"rendered":"<p>Accommodation Rooms during the Symposium There are some rooms at the Hotel Seeburg that are blocked for participants at a reduced rate of CHF 220,- per night. To make a reservation \"Keyword Ayurveda\", you need to call the reception Mr. Daniel Doenni (+41 375 55 55) or send an e-mail: fom@hotelseeburg.ch directly to the hotel. With the loading [...]<\/p>","protected":false},"author":7,"featured_media":0,"parent":0,"menu_order":0,"comment_status":"closed","ping_status":"closed","template":"elementor_header_footer","meta":{"_jet_sm_ready_style":"","_jet_sm_style":"","_jet_sm_controls_values":"","_jet_sm_fonts_collection":"","_jet_sm_fonts_links":""},"acf":[],"yoast_head":"<!-- This site is optimized with the Yoast SEO plugin v20.7 - https:\/\/yoast.com\/wordpress\/plugins\/seo\/ -->\n<title>Unterbringungen &amp; Hotels f\u00fcr das 26. Int. Ayurveda Symposium<\/title>\n<meta name=\"description\" content=\"Buchen Sie Hotels &amp; Unterk\u00fcnfte aus der Umgebung f\u00fcr das 26. Internationale Ayurveda Symposium in Luzern, Schweiz.\" \/>\n<meta name=\"robots\" content=\"index, follow, max-snippet:-1, max-image-preview:large, max-video-preview:-1\" \/>\n<link rel=\"canonical\" href=\"https:\/\/ayurveda-symposium.org\/en\/unterbringung\/\" \/>\n<meta name=\"twitter:label1\" content=\"Estimated reading time\" \/>\n\t<meta name=\"twitter:data1\" content=\"1 minute\" \/>\n<script type=\"application\/ld+json\" class=\"yoast-schema-graph\">{\"@context\":\"https:\/\/schema.org\",\"@graph\":[{\"@type\":\"WebPage\",\"@id\":\"https:\/\/ayurveda-symposium.org\/unterbringung\/\",\"url\":\"https:\/\/ayurveda-symposium.org\/unterbringung\/\",\"name\":\"Unterbringungen & Hotels f\u00fcr das 26. Int. Ayurveda Symposium\",\"isPartOf\":{\"@id\":\"https:\/\/ayurveda-symposium.org\/#website\"},\"datePublished\":\"2020-03-30T18:58:55+00:00\",\"dateModified\":\"2024-08-13T14:16:47+00:00\",\"description\":\"Buchen Sie Hotels & Unterk\u00fcnfte aus der Umgebung f\u00fcr das 26. Internationale Ayurveda Symposium in Luzern, Schweiz.\",\"breadcrumb\":{\"@id\":\"https:\/\/ayurveda-symposium.org\/unterbringung\/#breadcrumb\"},\"inLanguage\":\"en-GB\",\"potentialAction\":[{\"@type\":\"ReadAction\",\"target\":[\"https:\/\/ayurveda-symposium.org\/unterbringung\/\"]}]},{\"@type\":\"BreadcrumbList\",\"@id\":\"https:\/\/ayurveda-symposium.org\/unterbringung\/#breadcrumb\",\"itemListElement\":[{\"@type\":\"ListItem\",\"position\":1,\"name\":\"Startseite\",\"item\":\"https:\/\/ayurveda-symposium.org\/\"},{\"@type\":\"ListItem\",\"position\":2,\"name\":\"Unterbringung\"}]},{\"@type\":\"WebSite\",\"@id\":\"https:\/\/ayurveda-symposium.org\/#website\",\"url\":\"https:\/\/ayurveda-symposium.org\/\",\"name\":\"27. Internationales Ayurveda Symposium 2026\",\"description\":\"27. Internationales Ayurveda Symposium 2026 findet dieses Jahr in Birstein an der Europ\u00e4ischen Akademie f\u00fcr Ayurveda statt.\",\"publisher\":{\"@id\":\"https:\/\/ayurveda-symposium.org\/#organization\"},\"potentialAction\":[{\"@type\":\"SearchAction\",\"target\":{\"@type\":\"EntryPoint\",\"urlTemplate\":\"https:\/\/ayurveda-symposium.org\/?s={search_term_string}\"},\"query-input\":\"required name=search_term_string\"}],\"inLanguage\":\"en-GB\"},{\"@type\":\"Organization\",\"@id\":\"https:\/\/ayurveda-symposium.org\/#organization\",\"name\":\"27. Internationales Ayurveda Symposium 2026\",\"url\":\"https:\/\/ayurveda-symposium.org\/\",\"logo\":{\"@type\":\"ImageObject\",\"inLanguage\":\"en-GB\",\"@id\":\"https:\/\/ayurveda-symposium.org\/#\/schema\/logo\/image\/\",\"url\":\"https:\/\/ayurveda-symposium.org\/wp-content\/uploads\/2020\/03\/logo_SYM_de_rgb.svg\",\"contentUrl\":\"https:\/\/ayurveda-symposium.org\/wp-content\/uploads\/2020\/03\/logo_SYM_de_rgb.svg\",\"width\":205.9,\"height\":137.3,\"caption\":\"27. Internationales Ayurveda Symposium 2026\"},\"image\":{\"@id\":\"https:\/\/ayurveda-symposium.org\/#\/schema\/logo\/image\/\"}}]}<\/script>\n<!-- \/ Yoast SEO plugin. -->","yoast_head_json":{"title":"Unterbringungen & Hotels f\u00fcr das 26. Int. Ayurveda Symposium","description":"Buchen Sie Hotels & Unterk\u00fcnfte aus der Umgebung f\u00fcr das 26. Internationale Ayurveda Symposium in Luzern, Schweiz.","robots":{"index":"index","follow":"follow","max-snippet":"max-snippet:-1","max-image-preview":"max-image-preview:large","max-video-preview":"max-video-preview:-1"},"canonical":"https:\/\/ayurveda-symposium.org\/en\/unterbringung\/","twitter_misc":{"Estimated reading time":"1 minute"},"schema":{"@context":"https:\/\/schema.org","@graph":[{"@type":"WebPage","@id":"https:\/\/ayurveda-symposium.org\/unterbringung\/","url":"https:\/\/ayurveda-symposium.org\/unterbringung\/","name":"Unterbringungen & Hotels f\u00fcr das 26. Int. Ayurveda Symposium","isPartOf":{"@id":"https:\/\/ayurveda-symposium.org\/#website"},"datePublished":"2020-03-30T18:58:55+00:00","dateModified":"2024-08-13T14:16:47+00:00","description":"Buchen Sie Hotels & Unterk\u00fcnfte aus der Umgebung f\u00fcr das 26. Internationale Ayurveda Symposium in Luzern, Schweiz.","breadcrumb":{"@id":"https:\/\/ayurveda-symposium.org\/unterbringung\/#breadcrumb"},"inLanguage":"en-GB","potentialAction":[{"@type":"ReadAction","target":["https:\/\/ayurveda-symposium.org\/unterbringung\/"]}]},{"@type":"BreadcrumbList","@id":"https:\/\/ayurveda-symposium.org\/unterbringung\/#breadcrumb","itemListElement":[{"@type":"ListItem","position":1,"name":"Startseite","item":"https:\/\/ayurveda-symposium.org\/"},{"@type":"ListItem","position":2,"name":"Unterbringung"}]},{"@type":"WebSite","@id":"https:\/\/ayurveda-symposium.org\/#website","url":"https:\/\/ayurveda-symposium.org\/","name":"27. Internationales Ayurveda Symposium 2026","description":"27. Internationales Ayurveda Symposium 2026 findet dieses Jahr in Birstein an der Europ\u00e4ischen Akademie f\u00fcr Ayurveda statt.","publisher":{"@id":"https:\/\/ayurveda-symposium.org\/#organization"},"potentialAction":[{"@type":"SearchAction","target":{"@type":"EntryPoint","urlTemplate":"https:\/\/ayurveda-symposium.org\/?s={search_term_string}"},"query-input":"required name=search_term_string"}],"inLanguage":"en-GB"},{"@type":"Organization","@id":"https:\/\/ayurveda-symposium.org\/#organization","name":"27. Internationales Ayurveda Symposium 2026","url":"https:\/\/ayurveda-symposium.org\/","logo":{"@type":"ImageObject","inLanguage":"en-GB","@id":"https:\/\/ayurveda-symposium.org\/#\/schema\/logo\/image\/","url":"https:\/\/ayurveda-symposium.org\/wp-content\/uploads\/2020\/03\/logo_SYM_de_rgb.svg","contentUrl":"https:\/\/ayurveda-symposium.org\/wp-content\/uploads\/2020\/03\/logo_SYM_de_rgb.svg","width":205.9,"height":137.3,"caption":"27. Internationales Ayurveda Symposium 2026"},"image":{"@id":"https:\/\/ayurveda-symposium.org\/#\/schema\/logo\/image\/"}}]}},"_links":{"self":[{"href":"https:\/\/ayurveda-symposium.org\/en\/wp-json\/wp\/v2\/pages\/3467"}],"collection":[{"href":"https:\/\/ayurveda-symposium.org\/en\/wp-json\/wp\/v2\/pages"}],"about":[{"href":"https:\/\/ayurveda-symposium.org\/en\/wp-json\/wp\/v2\/types\/page"}],"author":[{"embeddable":true,"href":"https:\/\/ayurveda-symposium.org\/en\/wp-json\/wp\/v2\/users\/7"}],"replies":[{"embeddable":true,"href":"https:\/\/ayurveda-symposium.org\/en\/wp-json\/wp\/v2\/comments?post=3467"}],"version-history":[{"count":5,"href":"https:\/\/ayurveda-symposium.org\/en\/wp-json\/wp\/v2\/pages\/3467\/revisions"}],"predecessor-version":[{"id":13708,"href":"https:\/\/ayurveda-symposium.org\/en\/wp-json\/wp\/v2\/pages\/3467\/revisions\/13708"}],"wp:attachment":[{"href":"https:\/\/ayurveda-symposium.org\/en\/wp-json\/wp\/v2\/media?parent=3467"}],"curies":[{"name":"wp","href":"https:\/\/api.w.org\/{rel}","templated":true}]}}