{"id":11533,"date":"2024-03-14T14:49:36","date_gmt":"2024-03-14T13:49:36","guid":{"rendered":"https:\/\/ayurveda-symposium.org\/?page_id=11533"},"modified":"2024-06-25T12:19:58","modified_gmt":"2024-06-25T10:19:58","slug":"teilnahmebedingungen-alt","status":"publish","type":"page","link":"https:\/\/ayurveda-symposium.org\/en\/teilnahmebedingungen-alt\/","title":{"rendered":"Conditions of participation"},"content":{"rendered":"<div data-elementor-type=\"wp-page\" data-elementor-id=\"11533\" class=\"elementor elementor-11533\" data-elementor-settings=\"[]\">\n\t\t\t\t\t\t<div class=\"elementor-inner\">\n\t\t\t\t\t\t\t<div class=\"elementor-section-wrap\">\n\t\t\t\t\t\t\t<section class=\"elementor-section elementor-top-section elementor-element elementor-element-11defd1 elementor-section-height-min-height elementor-section-boxed elementor-section-height-default elementor-section-items-middle\" data-id=\"11defd1\" data-element_type=\"section\" data-settings=\"{&quot;background_background&quot;:&quot;classic&quot;}\">\n\t\t\t\t\t\t\t<div class=\"elementor-background-overlay\"><\/div>\n\t\t\t\t\t\t\t<div class=\"elementor-container elementor-column-gap-default\">\n\t\t\t\t\t\t\t<div class=\"elementor-row\">\n\t\t\t\t\t<div class=\"elementor-column elementor-col-100 elementor-top-column elementor-element elementor-element-6ee917b\" data-id=\"6ee917b\" data-element_type=\"column\">\n\t\t\t<div class=\"elementor-column-wrap\">\n\t\t\t\t\t\t\t<div class=\"elementor-widget-wrap\">\n\t\t\t\t\t\t\t\t<\/div>\n\t\t\t\t\t<\/div>\n\t\t<\/div>\n\t\t\t\t\t\t\t\t<\/div>\n\t\t\t\t\t<\/div>\n\t\t<\/section>\n\t\t\t\t<section class=\"elementor-section elementor-top-section elementor-element elementor-element-2159d5f elementor-section-boxed elementor-section-height-default elementor-section-height-default\" data-id=\"2159d5f\" data-element_type=\"section\">\n\t\t\t\t\t\t<div class=\"elementor-container elementor-column-gap-default\">\n\t\t\t\t\t\t\t<div class=\"elementor-row\">\n\t\t\t\t\t<div class=\"elementor-column elementor-col-100 elementor-top-column elementor-element elementor-element-83b04dc\" data-id=\"83b04dc\" data-element_type=\"column\">\n\t\t\t<div class=\"elementor-column-wrap elementor-element-populated\">\n\t\t\t\t\t\t\t<div class=\"elementor-widget-wrap\">\n\t\t\t\t\t\t<div class=\"elementor-element elementor-element-c9c0d8f elementor-widget elementor-widget-jet-engine-booking-form\" data-id=\"c9c0d8f\" data-element_type=\"widget\" data-widget_type=\"jet-engine-booking-form.default\">\n\t\t\t\t<div class=\"elementor-widget-container\">\n\t\t\t<form  class=\"jet-form layout-column submit-type-reload\" action=\"https:\/\/ayurveda-symposium.org\/en\/?jet_engine_action=book\" method=\"POST\" data-form-id=\"13122\" data-trp-original-action=\"https:\/\/ayurveda-symposium.org\/en\/?jet_engine_action=book\"><input class=\"jet-form__field hidden-field\" type=\"hidden\" name=\"_jet_engine_booking_form_id\" value=\"13122\" data-field-name=\"_jet_engine_booking_form_id\"><input class=\"jet-form__field hidden-field\" type=\"hidden\" name=\"_jet_engine_refer\" value=\"https:\/\/ayurveda-symposium.org\/en\/wp-json\/wp\/v2\/pages\/11533\" data-field-name=\"_jet_engine_refer\"><div  class=\"jet-form-row jet-form-row--hidden\"><div class=\"jet-form-col jet-form-col-12  field-type-hidden  jet-form-field-container\" data-field=\"post_id\" data-conditional=\"false\"><input class=\"jet-form__field hidden-field\" type=\"hidden\" name=\"post_id\" value=\"11533\" data-field-name=\"post_id\"><\/div><\/div><div  class=\"jet-form-row jet-form-row--first-visible\"><div class=\"jet-form-col jet-form-col-12  field-type-select  jet-form-field-container\" data-field=\"field_anrede\" data-conditional=\"false\"><select class=\"jet-form__field select-field\" required=\"required\" name=\"field_anrede\" data-field-name=\"field_anrede\" id=\"field_anrede\"><option value=\"Herr\" >master<\/option><option value=\"Frau\" >woman<\/option><\/select><\/div><\/div><div  class=\"jet-form-row\"><div class=\"jet-form-col jet-form-col-6  field-type-text  jet-form-field-container\" data-field=\"field_vorname\" data-conditional=\"false\"><div class=\"jet-form__label\">\n\t<span class=\"jet-form__label-text\" >First name<span class=\"jet-form__required\">*<\/span><\/span>\n\t<\/div><input class=\"jet-form__field text-field\" placeholder=\"First name\" required=\"required\" name=\"field_vorname\" id=\"field_vorname\" type=\"text\" data-field-name=\"field_vorname\"><\/div><div class=\"jet-form-col jet-form-col-6  field-type-text  jet-form-field-container\" data-field=\"field_nachname\" data-conditional=\"false\"><div class=\"jet-form__label\">\n\t<span class=\"jet-form__label-text\" >Last name<span class=\"jet-form__required\">*<\/span><\/span>\n\t<\/div><input class=\"jet-form__field text-field\" required=\"required\" name=\"field_nachname\" id=\"field_nachname\" type=\"text\" data-field-name=\"field_nachname\"><\/div><\/div><div  class=\"jet-form-row\"><div class=\"jet-form-col jet-form-col-12  field-type-text  jet-form-field-container\" data-field=\"field_mail\" data-conditional=\"false\"><input class=\"jet-form__field text-field\" required=\"required\" name=\"field_mail\" id=\"field_mail\" type=\"email\" data-field-name=\"field_mail\"><\/div><\/div><div  class=\"jet-form-row jet-form-row--submit\"><div class=\"jet-form-col jet-form-col-12  field-type-submit  jet-form-field-container\" data-field=\"Submit\" data-conditional=\"false\"><div class=\"jet-form__submit-wrap\">\n\t\t<button class=\"jet-form__submit submit-type-reload\" type=\"submit\">Send application<\/button>\n<\/div><\/div><\/div><input type=\"hidden\" name=\"trp-form-language\" value=\"en\"\/><\/form>\t\t<\/div>\n\t\t\t\t<\/div>\n\t\t\t\t\t\t<\/div>\n\t\t\t\t\t<\/div>\n\t\t<\/div>\n\t\t\t\t\t\t\t\t<\/div>\n\t\t\t\t\t<\/div>\n\t\t<\/section>\n\t\t\t\t<section class=\"elementor-section elementor-top-section elementor-element elementor-element-ca6ff6e elementor-section-boxed elementor-section-height-default elementor-section-height-default\" data-id=\"ca6ff6e\" data-element_type=\"section\">\n\t\t\t\t\t\t<div class=\"elementor-container elementor-column-gap-default\">\n\t\t\t\t\t\t\t<div class=\"elementor-row\">\n\t\t\t\t\t<div class=\"elementor-column elementor-col-100 elementor-top-column elementor-element elementor-element-be74ce1\" data-id=\"be74ce1\" data-element_type=\"column\">\n\t\t\t<div class=\"elementor-column-wrap elementor-element-populated\">\n\t\t\t\t\t\t\t<div class=\"elementor-widget-wrap\">\n\t\t\t\t\t\t<div class=\"elementor-element elementor-element-af2c6a1 elementor-widget elementor-widget-spacer\" data-id=\"af2c6a1\" data-element_type=\"widget\" data-widget_type=\"spacer.default\">\n\t\t\t\t<div class=\"elementor-widget-container\">\n\t\t\t\t\t<div class=\"elementor-spacer\">\n\t\t\t<div class=\"elementor-spacer-inner\"><\/div>\n\t\t<\/div>\n\t\t\t\t<\/div>\n\t\t\t\t<\/div>\n\t\t\t\t<div class=\"elementor-element elementor-element-27e3c9c elementor-widget elementor-widget-text-editor\" data-id=\"27e3c9c\" data-element_type=\"widget\" data-widget_type=\"text-editor.default\">\n\t\t\t\t<div class=\"elementor-widget-container\">\n\t\t\t\t\t<div class=\"elementor-text-editor elementor-clearfix\"><p>\u00a0<\/p><article class=\"uk-article\"><h1>Conditions of participation and contract<\/h1><p><strong>The registration<\/strong><br \/>must be made in writing or online with the appropriate registration form. The contract is not concluded until the organizer has confirmed the registration and the deposit of \u20ac 50 is due.<\/p><p><strong>Payment method<\/strong><br \/>After registration you will receive a booking confirmation with invoice. The invoice amount minus the deposit is payable by bank transfer at least two weeks before the event. Accommodation is not included in the participation fee.<\/p><p><strong>Booking<\/strong><br \/>If a seminar is fully booked, you will be informed immediately. In the event that the seminar or training is not completed, no further claims for reimbursement or liability can be made over and above the amounts received by us. We also reserve the right to replace those lecturers named in our programs or on the Internet with correspondingly different specialists.\u00a0<\/p><p><strong>Cancellation<\/strong><br \/>If you are unable to attend the event, we will always accept a replacement participant at no extra charge.<\/p><p>If you wish to cancel your registration completely instead, the following fees will apply:<\/p><table class=\"symposium-table\"><tbody><tr><td><strong>Date of cancellation<\/strong><\/td><td><strong>Cancellation fee<\/strong><\/td><\/tr><tr><td>until 14 days before the start of the event<\/td><td>\u20ac 50<\/td><\/tr><tr><td>up to 7 days before the start of the event<\/td><td>50% of the participation fee<\/td><\/tr><tr><td>within 7 days before the start of the event<\/td><td>100% of the participation fee<\/td><\/tr><\/tbody><\/table><hr \/><h3><strong>Cancellation policy<\/strong><\/h3><p><strong>Right of withdrawal<\/strong><br \/>You have the right to cancel your registration in writing within 14 days without giving reasons. The revocation period is 14 days from the day of the conclusion of the contract.<\/p><p>In order to exercise your right of revocation, you must inform us by means of a clear declaration (e.g. a letter, fax or e-mail sent by post) of your decision to revoke this contract. You can use the\u00a0<a title=\"Sample revocation form\" href=\"https:\/\/ayurveda-symposium.org\/en\/images\/PDF\/Widerrufsformular.pdf\/\" target=\"_blank\" rel=\"noopener\">Download sample revocation form here<\/a>\u00a0and use, but which is not mandatory.<\/p><p>For the observance of the time limit, it is sufficient to send the revocation to the address in due time:<br \/>Rosenberg Society for Holistic Health and Education gGmbH Forsthausstr. 6 D-63633 Birstein info(at)ayurveda-akademie.org<\/p><p><strong>Consequences of withdrawal<\/strong><br \/>If you revoke your contract, we must reimburse you for all payments we have received from you immediately and at the latest within fourteen days of the day on which we receive notification of your revocation of this contract. We will use the same means of payment for this refund as you used for the original transaction, unless expressly agreed otherwise with you; in no event will you be charged for this refund.<\/p><p>In the event of an effective revocation, there is no longer a claim to the contractual performance. If this has already been rendered in whole or in part, usually by your participation in a seminar\/event, you are obliged to fulfil the agreed payment obligation proportionately.<\/p><p><strong>End of the cancellation policy<\/strong><\/p><hr \/><h3><strong>Room booking<\/strong><\/h3><p>The accommodation is not included in the seminar price. Please note that rooms in the Kurhaus and the guest houses of the European Academy for Ayurveda are limited and are usually fully booked during the symposium. Therefore, accommodation outside the campus may be necessary. In some hotels in the surrounding area we have reserved room contingents at a special price for the event participants. You can find a list here. The accommodation must be booked by the participants themselves.<\/p><p><strong>Catering and house arrangement<\/strong><br \/>For seminars in Birstein, the catering costs will be charged together with the remaining seminar fees. You pay the costs for your accommodation on site.<\/p><p><strong>Responsibility and liability<\/strong><br \/>Each participant is fully responsible for his or her own actions. The organizer is only liable in case of intent or gross negligence. Any other liability claims are excluded. This applies in particular to physical injury and theft of any kind. Any illnesses must be communicated to the seminar leaders before the beginning of the event. The offered seminars do not replace medical treatment or therapy. The house rules must be followed.<\/p><p><strong>Photography and filming<\/strong><br \/>At the International Ayurveda Symposium photos and film recordings will be made, on which the participants are partly recognizable. By registering for the event, you give your consent that these pictures may be used without restriction for private and\/or commercial purposes. This includes publication, distribution, use, editing and transfer in digital and print form by the organizer or third parties. Your consent is not limited in time or place and applies to all forms of distribution and publication. The future assertion of claims for injunction against the aforementioned use of the recordings is excluded.<\/p><p><strong>Organizer of all offers<\/strong><br \/>Rosenberg Society for Holistic Health &amp; Education gGmbH (REAA), D-63633 Birstein.<br \/>Managing Director: Mark Rosenberg. REAA-Germany is registered in the Hanau Commercial Register No. 12226.<\/p><p>All offers in Germany include a reduced VAT rate for non-profit organisations of 7 %.<\/p><\/article><p>\u00a0<\/p><section id=\"tm-main-bottom\" class=\"tm-main-bottom uk-grid\" style=\"display: flex; flex-wrap: wrap; margin: 0px 0px 0px -40px; padding: 40px 0px 0px; list-style: none; color: #666666; font-family: Verdana; font-size: 13px; font-style: normal; font-variant-ligatures: normal; font-variant-caps: normal; font-weight: 400; letter-spacing: normal; orphans: 2; text-align: start; text-indent: 0px; text-transform: none; white-space: normal; widows: 2; word-spacing: 0px; -webkit-text-stroke-width: 0px; background-color: #ffffff; text-decoration-style: initial; text-decoration-color: initial;\" data-uk-grid-match=\"{target:'&gt; div &gt; .uk-panel'}\" data-uk-grid-margin=\"\"><div class=\"uk-width-1-1 uk-row-first\"><div class=\"uk-panel\">\u00a0<\/div><\/div><\/section><\/div>\n\t\t\t\t<\/div>\n\t\t\t\t<\/div>\n\t\t\t\t<div class=\"elementor-element elementor-element-3ac2d86 elementor-widget elementor-widget-global elementor-global-3445 elementor-widget-spacer\" data-id=\"3ac2d86\" data-element_type=\"widget\" data-widget_type=\"spacer.default\">\n\t\t\t\t<div class=\"elementor-widget-container\">\n\t\t\t\t\t<div class=\"elementor-spacer\">\n\t\t\t<div class=\"elementor-spacer-inner\"><\/div>\n\t\t<\/div>\n\t\t\t\t<\/div>\n\t\t\t\t<\/div>\n\t\t\t\t\t\t<\/div>\n\t\t\t\t\t<\/div>\n\t\t<\/div>\n\t\t\t\t\t\t\t\t<\/div>\n\t\t\t\t\t<\/div>\n\t\t<\/section>\n\t\t\t\t\t\t<\/div>\n\t\t\t\t\t\t<\/div>\n\t\t\t\t\t<\/div>","protected":false},"excerpt":{"rendered":"<p>first name* last name* Send registration Conditions of participation and contract Registration must be made in writing or online using the appropriate registration form. The contract is only concluded when the organizer confirms the registration and the deposit of \u20ac 50 is due. Payment methodAfter registration you will receive a booking confirmation with invoice. The invoice amount minus the deposit paid [...]<\/p>","protected":false},"author":7,"featured_media":0,"parent":0,"menu_order":0,"comment_status":"closed","ping_status":"closed","template":"elementor_header_footer","meta":{"_jet_sm_ready_style":"","_jet_sm_style":"","_jet_sm_controls_values":"","_jet_sm_fonts_collection":"","_jet_sm_fonts_links":""},"acf":[],"yoast_head":"<!-- This site is optimized with the Yoast SEO plugin v20.7 - https:\/\/yoast.com\/wordpress\/plugins\/seo\/ -->\n<title>Teilnahmebedingungen f\u00fcr das internationale Ayurveda Symposium<\/title>\n<meta name=\"description\" content=\"Die Teilnahmebedingungen, Stornierungsgeb\u00fchren und weitere rechtliche Hinweise f\u00fcr das internationale Ayurveda Symposium in Birstein.\" \/>\n<meta name=\"robots\" content=\"index, follow, max-snippet:-1, max-image-preview:large, max-video-preview:-1\" \/>\n<link rel=\"canonical\" href=\"https:\/\/ayurveda-symposium.org\/en\/teilnahmebedingungen-alt\/\" \/>\n<meta name=\"twitter:label1\" content=\"Estimated reading time\" \/>\n\t<meta name=\"twitter:data1\" content=\"4 minutes\" \/>\n<script type=\"application\/ld+json\" class=\"yoast-schema-graph\">{\"@context\":\"https:\/\/schema.org\",\"@graph\":[{\"@type\":\"WebPage\",\"@id\":\"https:\/\/ayurveda-symposium.org\/teilnahmebedingungen-alt\/\",\"url\":\"https:\/\/ayurveda-symposium.org\/teilnahmebedingungen-alt\/\",\"name\":\"Teilnahmebedingungen f\u00fcr das internationale Ayurveda Symposium\",\"isPartOf\":{\"@id\":\"https:\/\/ayurveda-symposium.org\/#website\"},\"datePublished\":\"2024-03-14T13:49:36+00:00\",\"dateModified\":\"2024-06-25T10:19:58+00:00\",\"description\":\"Die Teilnahmebedingungen, Stornierungsgeb\u00fchren und weitere rechtliche Hinweise f\u00fcr das internationale Ayurveda Symposium in Birstein.\",\"breadcrumb\":{\"@id\":\"https:\/\/ayurveda-symposium.org\/teilnahmebedingungen-alt\/#breadcrumb\"},\"inLanguage\":\"en-GB\",\"potentialAction\":[{\"@type\":\"ReadAction\",\"target\":[\"https:\/\/ayurveda-symposium.org\/teilnahmebedingungen-alt\/\"]}]},{\"@type\":\"BreadcrumbList\",\"@id\":\"https:\/\/ayurveda-symposium.org\/teilnahmebedingungen-alt\/#breadcrumb\",\"itemListElement\":[{\"@type\":\"ListItem\",\"position\":1,\"name\":\"Startseite\",\"item\":\"https:\/\/ayurveda-symposium.org\/\"},{\"@type\":\"ListItem\",\"position\":2,\"name\":\"Teilnahmebedingungen\"}]},{\"@type\":\"WebSite\",\"@id\":\"https:\/\/ayurveda-symposium.org\/#website\",\"url\":\"https:\/\/ayurveda-symposium.org\/\",\"name\":\"27. Internationales Ayurveda Symposium 2026\",\"description\":\"27. Internationales Ayurveda Symposium 2026 findet dieses Jahr in Birstein an der Europ\u00e4ischen Akademie f\u00fcr Ayurveda statt.\",\"publisher\":{\"@id\":\"https:\/\/ayurveda-symposium.org\/#organization\"},\"potentialAction\":[{\"@type\":\"SearchAction\",\"target\":{\"@type\":\"EntryPoint\",\"urlTemplate\":\"https:\/\/ayurveda-symposium.org\/?s={search_term_string}\"},\"query-input\":\"required name=search_term_string\"}],\"inLanguage\":\"en-GB\"},{\"@type\":\"Organization\",\"@id\":\"https:\/\/ayurveda-symposium.org\/#organization\",\"name\":\"27. Internationales Ayurveda Symposium 2026\",\"url\":\"https:\/\/ayurveda-symposium.org\/\",\"logo\":{\"@type\":\"ImageObject\",\"inLanguage\":\"en-GB\",\"@id\":\"https:\/\/ayurveda-symposium.org\/#\/schema\/logo\/image\/\",\"url\":\"https:\/\/ayurveda-symposium.org\/wp-content\/uploads\/2020\/03\/logo_SYM_de_rgb.svg\",\"contentUrl\":\"https:\/\/ayurveda-symposium.org\/wp-content\/uploads\/2020\/03\/logo_SYM_de_rgb.svg\",\"width\":205.9,\"height\":137.3,\"caption\":\"27. Internationales Ayurveda Symposium 2026\"},\"image\":{\"@id\":\"https:\/\/ayurveda-symposium.org\/#\/schema\/logo\/image\/\"}}]}<\/script>\n<!-- \/ Yoast SEO plugin. -->","yoast_head_json":{"title":"Teilnahmebedingungen f\u00fcr das internationale Ayurveda Symposium","description":"Die Teilnahmebedingungen, Stornierungsgeb\u00fchren und weitere rechtliche Hinweise f\u00fcr das internationale Ayurveda Symposium in Birstein.","robots":{"index":"index","follow":"follow","max-snippet":"max-snippet:-1","max-image-preview":"max-image-preview:large","max-video-preview":"max-video-preview:-1"},"canonical":"https:\/\/ayurveda-symposium.org\/en\/teilnahmebedingungen-alt\/","twitter_misc":{"Estimated reading time":"4 minutes"},"schema":{"@context":"https:\/\/schema.org","@graph":[{"@type":"WebPage","@id":"https:\/\/ayurveda-symposium.org\/teilnahmebedingungen-alt\/","url":"https:\/\/ayurveda-symposium.org\/teilnahmebedingungen-alt\/","name":"Teilnahmebedingungen f\u00fcr das internationale Ayurveda Symposium","isPartOf":{"@id":"https:\/\/ayurveda-symposium.org\/#website"},"datePublished":"2024-03-14T13:49:36+00:00","dateModified":"2024-06-25T10:19:58+00:00","description":"Die Teilnahmebedingungen, Stornierungsgeb\u00fchren und weitere rechtliche Hinweise f\u00fcr das internationale Ayurveda Symposium in Birstein.","breadcrumb":{"@id":"https:\/\/ayurveda-symposium.org\/teilnahmebedingungen-alt\/#breadcrumb"},"inLanguage":"en-GB","potentialAction":[{"@type":"ReadAction","target":["https:\/\/ayurveda-symposium.org\/teilnahmebedingungen-alt\/"]}]},{"@type":"BreadcrumbList","@id":"https:\/\/ayurveda-symposium.org\/teilnahmebedingungen-alt\/#breadcrumb","itemListElement":[{"@type":"ListItem","position":1,"name":"Startseite","item":"https:\/\/ayurveda-symposium.org\/"},{"@type":"ListItem","position":2,"name":"Teilnahmebedingungen"}]},{"@type":"WebSite","@id":"https:\/\/ayurveda-symposium.org\/#website","url":"https:\/\/ayurveda-symposium.org\/","name":"27. Internationales Ayurveda Symposium 2026","description":"27. Internationales Ayurveda Symposium 2026 findet dieses Jahr in Birstein an der Europ\u00e4ischen Akademie f\u00fcr Ayurveda statt.","publisher":{"@id":"https:\/\/ayurveda-symposium.org\/#organization"},"potentialAction":[{"@type":"SearchAction","target":{"@type":"EntryPoint","urlTemplate":"https:\/\/ayurveda-symposium.org\/?s={search_term_string}"},"query-input":"required name=search_term_string"}],"inLanguage":"en-GB"},{"@type":"Organization","@id":"https:\/\/ayurveda-symposium.org\/#organization","name":"27. Internationales Ayurveda Symposium 2026","url":"https:\/\/ayurveda-symposium.org\/","logo":{"@type":"ImageObject","inLanguage":"en-GB","@id":"https:\/\/ayurveda-symposium.org\/#\/schema\/logo\/image\/","url":"https:\/\/ayurveda-symposium.org\/wp-content\/uploads\/2020\/03\/logo_SYM_de_rgb.svg","contentUrl":"https:\/\/ayurveda-symposium.org\/wp-content\/uploads\/2020\/03\/logo_SYM_de_rgb.svg","width":205.9,"height":137.3,"caption":"27. Internationales Ayurveda Symposium 2026"},"image":{"@id":"https:\/\/ayurveda-symposium.org\/#\/schema\/logo\/image\/"}}]}},"_links":{"self":[{"href":"https:\/\/ayurveda-symposium.org\/en\/wp-json\/wp\/v2\/pages\/11533"}],"collection":[{"href":"https:\/\/ayurveda-symposium.org\/en\/wp-json\/wp\/v2\/pages"}],"about":[{"href":"https:\/\/ayurveda-symposium.org\/en\/wp-json\/wp\/v2\/types\/page"}],"author":[{"embeddable":true,"href":"https:\/\/ayurveda-symposium.org\/en\/wp-json\/wp\/v2\/users\/7"}],"replies":[{"embeddable":true,"href":"https:\/\/ayurveda-symposium.org\/en\/wp-json\/wp\/v2\/comments?post=11533"}],"version-history":[{"count":5,"href":"https:\/\/ayurveda-symposium.org\/en\/wp-json\/wp\/v2\/pages\/11533\/revisions"}],"predecessor-version":[{"id":13128,"href":"https:\/\/ayurveda-symposium.org\/en\/wp-json\/wp\/v2\/pages\/11533\/revisions\/13128"}],"wp:attachment":[{"href":"https:\/\/ayurveda-symposium.org\/en\/wp-json\/wp\/v2\/media?parent=11533"}],"curies":[{"name":"wp","href":"https:\/\/api.w.org\/{rel}","templated":true}]}}